{"id":2599,"date":"2020-04-14T13:56:39","date_gmt":"2020-04-14T13:56:39","guid":{"rendered":"http:\/\/bwg-wp.eliott-markus.digital\/talents\/"},"modified":"2020-09-02T15:35:44","modified_gmt":"2020-09-02T15:35:44","slug":"talents","status":"publish","type":"page","link":"https:\/\/bwg.law\/en\/talents\/","title":{"rendered":"Talents"},"content":{"rendered":"\n<h1 class=\"wp-block-heading\">Join bwg<\/h1>\n\n\n\n<p>The constant growth of bwg leads the firm to pursue an active policy in terms of recruiting new talents. bwg is regularly on the lookout for lawyers wishing to invest in and develop exclusive expertise in family law.<\/p>\n","protected":false},"excerpt":{"rendered":"<p>Join bwg The constant growth of bwg leads the firm to pursue an active policy in terms of recruiting new talents. bwg is regularly on the lookout for lawyers wishing to invest in and develop exclusive expertise in family law.<\/p>\n","protected":false},"author":1,"featured_media":0,"parent":0,"menu_order":8,"comment_status":"closed","ping_status":"closed","template":"pages\/talents.php","meta":{"_acf_changed":false,"footnotes":""},"class_list":["post-2599","page","type-page","status-publish","hentry"],"acf":[],"yoast_head":"<!-- This site is optimized with the Yoast SEO plugin v27.3 - https:\/\/yoast.com\/product\/yoast-seo-wordpress\/ -->\n<title>Talents - BWG Associ\u00e9s<\/title>\n<meta name=\"description\" content=\"La croissance constante de BWG conduit le cabinet \u00e0 mener une politique active en mati\u00e8re de recrutement de nouveaux talents. BWG est r\u00e9guli\u00e8rement \u00e0 la recherche d\u2019avocats souhaitant s\u2019investir et d\u00e9velopper une expertise exclusive en droit de la famille.\" \/>\n<meta name=\"robots\" content=\"index, follow, max-snippet:-1, max-image-preview:large, max-video-preview:-1\" \/>\n<link rel=\"canonical\" href=\"https:\/\/bwg.law\/en\/talents\/\" \/>\n<meta property=\"og:locale\" content=\"en_US\" \/>\n<meta property=\"og:type\" content=\"article\" \/>\n<meta property=\"og:title\" content=\"Talents - BWG Associ\u00e9s\" \/>\n<meta property=\"og:description\" content=\"La croissance constante de BWG conduit le cabinet \u00e0 mener une politique active en mati\u00e8re de recrutement de nouveaux talents. BWG est r\u00e9guli\u00e8rement \u00e0 la recherche d\u2019avocats souhaitant s\u2019investir et d\u00e9velopper une expertise exclusive en droit de la famille.\" \/>\n<meta property=\"og:url\" content=\"https:\/\/bwg.law\/en\/talents\/\" \/>\n<meta property=\"og:site_name\" content=\"BWG Associ\u00e9s\" \/>\n<meta property=\"article:modified_time\" content=\"2020-09-02T15:35:44+00:00\" \/>\n<meta name=\"twitter:card\" content=\"summary_large_image\" \/>\n<script type=\"application\/ld+json\" class=\"yoast-schema-graph\">{\"@context\":\"https:\\\/\\\/schema.org\",\"@graph\":[{\"@type\":\"WebPage\",\"@id\":\"https:\\\/\\\/bwg.law\\\/en\\\/talents\\\/\",\"url\":\"https:\\\/\\\/bwg.law\\\/en\\\/talents\\\/\",\"name\":\"Talents - BWG Associ\u00e9s\",\"isPartOf\":{\"@id\":\"https:\\\/\\\/bwg.law\\\/en\\\/#website\"},\"datePublished\":\"2020-04-14T13:56:39+00:00\",\"dateModified\":\"2020-09-02T15:35:44+00:00\",\"description\":\"La croissance constante de BWG conduit le cabinet \u00e0 mener une politique active en mati\u00e8re de recrutement de nouveaux talents. BWG est r\u00e9guli\u00e8rement \u00e0 la recherche d\u2019avocats souhaitant s\u2019investir et d\u00e9velopper une expertise exclusive en droit de la famille.\",\"breadcrumb\":{\"@id\":\"https:\\\/\\\/bwg.law\\\/en\\\/talents\\\/#breadcrumb\"},\"inLanguage\":\"en-US\",\"potentialAction\":[{\"@type\":\"ReadAction\",\"target\":[\"https:\\\/\\\/bwg.law\\\/en\\\/talents\\\/\"]}]},{\"@type\":\"BreadcrumbList\",\"@id\":\"https:\\\/\\\/bwg.law\\\/en\\\/talents\\\/#breadcrumb\",\"itemListElement\":[{\"@type\":\"ListItem\",\"position\":1,\"name\":\"Accueil\",\"item\":\"https:\\\/\\\/bwg.law\\\/en\\\/\"},{\"@type\":\"ListItem\",\"position\":2,\"name\":\"Talents\"}]},{\"@type\":\"WebSite\",\"@id\":\"https:\\\/\\\/bwg.law\\\/en\\\/#website\",\"url\":\"https:\\\/\\\/bwg.law\\\/en\\\/\",\"name\":\"BWG Associ\u00e9s\",\"description\":\"BWG Associ\u00e9s\",\"potentialAction\":[{\"@type\":\"SearchAction\",\"target\":{\"@type\":\"EntryPoint\",\"urlTemplate\":\"https:\\\/\\\/bwg.law\\\/en\\\/?s={search_term_string}\"},\"query-input\":{\"@type\":\"PropertyValueSpecification\",\"valueRequired\":true,\"valueName\":\"search_term_string\"}}],\"inLanguage\":\"en-US\"}]}<\/script>\n<!-- \/ Yoast SEO plugin. -->","yoast_head_json":{"title":"Talents - BWG Associ\u00e9s","description":"La croissance constante de BWG conduit le cabinet \u00e0 mener une politique active en mati\u00e8re de recrutement de nouveaux talents. BWG est r\u00e9guli\u00e8rement \u00e0 la recherche d\u2019avocats souhaitant s\u2019investir et d\u00e9velopper une expertise exclusive en droit de la famille.","robots":{"index":"index","follow":"follow","max-snippet":"max-snippet:-1","max-image-preview":"max-image-preview:large","max-video-preview":"max-video-preview:-1"},"canonical":"https:\/\/bwg.law\/en\/talents\/","og_locale":"en_US","og_type":"article","og_title":"Talents - BWG Associ\u00e9s","og_description":"La croissance constante de BWG conduit le cabinet \u00e0 mener une politique active en mati\u00e8re de recrutement de nouveaux talents. BWG est r\u00e9guli\u00e8rement \u00e0 la recherche d\u2019avocats souhaitant s\u2019investir et d\u00e9velopper une expertise exclusive en droit de la famille.","og_url":"https:\/\/bwg.law\/en\/talents\/","og_site_name":"BWG Associ\u00e9s","article_modified_time":"2020-09-02T15:35:44+00:00","twitter_card":"summary_large_image","schema":{"@context":"https:\/\/schema.org","@graph":[{"@type":"WebPage","@id":"https:\/\/bwg.law\/en\/talents\/","url":"https:\/\/bwg.law\/en\/talents\/","name":"Talents - BWG Associ\u00e9s","isPartOf":{"@id":"https:\/\/bwg.law\/en\/#website"},"datePublished":"2020-04-14T13:56:39+00:00","dateModified":"2020-09-02T15:35:44+00:00","description":"La croissance constante de BWG conduit le cabinet \u00e0 mener une politique active en mati\u00e8re de recrutement de nouveaux talents. BWG est r\u00e9guli\u00e8rement \u00e0 la recherche d\u2019avocats souhaitant s\u2019investir et d\u00e9velopper une expertise exclusive en droit de la famille.","breadcrumb":{"@id":"https:\/\/bwg.law\/en\/talents\/#breadcrumb"},"inLanguage":"en-US","potentialAction":[{"@type":"ReadAction","target":["https:\/\/bwg.law\/en\/talents\/"]}]},{"@type":"BreadcrumbList","@id":"https:\/\/bwg.law\/en\/talents\/#breadcrumb","itemListElement":[{"@type":"ListItem","position":1,"name":"Accueil","item":"https:\/\/bwg.law\/en\/"},{"@type":"ListItem","position":2,"name":"Talents"}]},{"@type":"WebSite","@id":"https:\/\/bwg.law\/en\/#website","url":"https:\/\/bwg.law\/en\/","name":"BWG Associ\u00e9s","description":"BWG Associ\u00e9s","potentialAction":[{"@type":"SearchAction","target":{"@type":"EntryPoint","urlTemplate":"https:\/\/bwg.law\/en\/?s={search_term_string}"},"query-input":{"@type":"PropertyValueSpecification","valueRequired":true,"valueName":"search_term_string"}}],"inLanguage":"en-US"}]}},"_links":{"self":[{"href":"https:\/\/bwg.law\/en\/wp-json\/wp\/v2\/pages\/2599","targetHints":{"allow":["GET"]}}],"collection":[{"href":"https:\/\/bwg.law\/en\/wp-json\/wp\/v2\/pages"}],"about":[{"href":"https:\/\/bwg.law\/en\/wp-json\/wp\/v2\/types\/page"}],"author":[{"embeddable":true,"href":"https:\/\/bwg.law\/en\/wp-json\/wp\/v2\/users\/1"}],"replies":[{"embeddable":true,"href":"https:\/\/bwg.law\/en\/wp-json\/wp\/v2\/comments?post=2599"}],"version-history":[{"count":10,"href":"https:\/\/bwg.law\/en\/wp-json\/wp\/v2\/pages\/2599\/revisions"}],"predecessor-version":[{"id":2674,"href":"https:\/\/bwg.law\/en\/wp-json\/wp\/v2\/pages\/2599\/revisions\/2674"}],"wp:attachment":[{"href":"https:\/\/bwg.law\/en\/wp-json\/wp\/v2\/media?parent=2599"}],"curies":[{"name":"wp","href":"https:\/\/api.w.org\/{rel}","templated":true}]}}